{"id":271,"date":"2024-06-15T16:02:08","date_gmt":"2024-06-15T16:02:08","guid":{"rendered":"http:\/\/mosk-svet.local\/?post_type=product&#038;p=271"},"modified":"2026-02-24T12:38:34","modified_gmt":"2026-02-24T12:38:34","slug":"bodlok-pestry","status":"publish","type":"product","link":"http:\/\/morskysvet.cz\/en\/product\/bodlok-pestry\/","title":{"rendered":"Bodlok Pestr\u00fd"},"content":{"rendered":"<p>Ob\u00fdv\u00e1 tropick\u00fd p\u00e1s Indick\u00e9ho a z\u00e1padn\u00ed \u010d\u00e1sti Tich\u00e9ho oce\u00e1nu. \u017div\u00ed se p\u0159edev\u0161\u00edm \u0159asami, ale nepohrdne ani \u017eivo\u010di\u0161nou potravou \u2013 zooplanktonem. Dosahuje velikosti a\u017e 30 cm. P\u0159i p\u00e1\u0159en\u00ed samice vypou\u0161t\u00ed do vody jikry o velikosti 0,8mm, kter\u00e9 samec oplod\u0148uje.<\/p>","protected":false},"excerpt":{"rendered":"<p>Ob\u00fdv\u00e1 tropick\u00fd p\u00e1s Indick\u00e9ho a z\u00e1padn\u00ed \u010d\u00e1sti Tich\u00e9ho oce\u00e1nu. \u017div\u00ed se p\u0159edev\u0161\u00edm \u0159asami, ale nepohrdne ani \u017eivo\u010di\u0161nou potravou \u2013 zooplanktonem. Dosahuje velikosti a\u017e 30 cm. P\u0159i p\u00e1\u0159en\u00ed samice vypou\u0161t\u00ed do vody jikry o velikosti 0,8mm, kter\u00e9 samec oplod\u0148uje.<\/p>","protected":false},"featured_media":267,"comment_status":"open","ping_status":"closed","template":"","meta":{"site-sidebar-layout":"default","site-content-layout":"","ast-site-content-layout":"default","site-content-style":"default","site-sidebar-style":"default","ast-global-header-display":"","ast-banner-title-visibility":"","ast-main-header-display":"","ast-hfb-above-header-display":"","ast-hfb-below-header-display":"","ast-hfb-mobile-header-display":"","site-post-title":"","ast-breadcrumbs-content":"","ast-featured-img":"","footer-sml-layout":"","theme-transparent-header-meta":"default","adv-header-id-meta":"","stick-header-meta":"default","header-above-stick-meta":"","header-main-stick-meta":"","header-below-stick-meta":"","astra-migrate-meta-layouts":"set","ast-page-background-enabled":"default","ast-page-background-meta":{"desktop":{"background-color":"","background-image":"","background-repeat":"repeat","background-position":"center center","background-size":"auto","background-attachment":"scroll","background-type":"","background-media":"","overlay-type":"","overlay-color":"","overlay-opacity":"","overlay-gradient":""},"tablet":{"background-color":"","background-image":"","background-repeat":"repeat","background-position":"center center","background-size":"auto","background-attachment":"scroll","background-type":"","background-media":"","overlay-type":"","overlay-color":"","overlay-opacity":"","overlay-gradient":""},"mobile":{"background-color":"","background-image":"","background-repeat":"repeat","background-position":"center center","background-size":"auto","background-attachment":"scroll","background-type":"","background-media":"","overlay-type":"","overlay-color":"","overlay-opacity":"","overlay-gradient":""}},"ast-content-background-meta":{"desktop":{"background-color":"var(--ast-global-color-5)","background-image":"","background-repeat":"repeat","background-position":"center center","background-size":"auto","background-attachment":"scroll","background-type":"","background-media":"","overlay-type":"","overlay-color":"","overlay-opacity":"","overlay-gradient":""},"tablet":{"background-color":"var(--ast-global-color-5)","background-image":"","background-repeat":"repeat","background-position":"center center","background-size":"auto","background-attachment":"scroll","background-type":"","background-media":"","overlay-type":"","overlay-color":"","overlay-opacity":"","overlay-gradient":""},"mobile":{"background-color":"var(--ast-global-color-5)","background-image":"","background-repeat":"repeat","background-position":"center center","background-size":"auto","background-attachment":"scroll","background-type":"","background-media":"","overlay-type":"","overlay-color":"","overlay-opacity":"","overlay-gradient":""}}},"product_cat":[88],"product_tag":[],"class_list":{"0":"post-271","1":"product","2":"type-product","3":"status-publish","4":"has-post-thumbnail","6":"product_cat-adopce","7":"desktop-align-left","8":"tablet-align-left","9":"mobile-align-left","10":"ast-product-gallery-layout-vertical-slider","11":"ast-product-gallery-with-no-image","12":"ast-product-single-variable","13":"ast-product-tabs-layout-horizontal","14":"ast-qv-on-image","16":"first","17":"instock","18":"taxable","19":"shipping-taxable","20":"purchasable","21":"product-type-variable","22":"has-default-attributes"},"jetpack_sharing_enabled":true,"_links":{"self":[{"href":"http:\/\/morskysvet.cz\/en\/wp-json\/wp\/v2\/product\/271","targetHints":{"allow":["GET"]}}],"collection":[{"href":"http:\/\/morskysvet.cz\/en\/wp-json\/wp\/v2\/product"}],"about":[{"href":"http:\/\/morskysvet.cz\/en\/wp-json\/wp\/v2\/types\/product"}],"replies":[{"embeddable":true,"href":"http:\/\/morskysvet.cz\/en\/wp-json\/wp\/v2\/comments?post=271"}],"wp:featuredmedia":[{"embeddable":true,"href":"http:\/\/morskysvet.cz\/en\/wp-json\/wp\/v2\/media\/267"}],"wp:attachment":[{"href":"http:\/\/morskysvet.cz\/en\/wp-json\/wp\/v2\/media?parent=271"}],"wp:term":[{"taxonomy":"product_cat","embeddable":true,"href":"http:\/\/morskysvet.cz\/en\/wp-json\/wp\/v2\/product_cat?post=271"},{"taxonomy":"product_tag","embeddable":true,"href":"http:\/\/morskysvet.cz\/en\/wp-json\/wp\/v2\/product_tag?post=271"}],"curies":[{"name":"wp","href":"https:\/\/api.w.org\/{rel}","templated":true}]}}