{"id":4862,"date":"2024-07-22T13:51:09","date_gmt":"2024-07-22T13:51:09","guid":{"rendered":"https:\/\/mosk-svet.local\/?post_type=product&#038;p=4862"},"modified":"2026-02-24T12:35:56","modified_gmt":"2026-02-24T12:35:56","slug":"zralok-kobercovy","status":"publish","type":"product","link":"http:\/\/morskysvet.cz\/en\/product\/zralok-kobercovy\/","title":{"rendered":"\u017dralok Kobercov\u00fd"},"content":{"rendered":"<p>Vyskytuje se v z\u00e1padn\u00ed \u010d\u00e1sti Tich\u00e9ho oce\u00e1nu. \u017dralok kobercov\u00fd, nebo-li tak\u00e9 wobegong skvrnit\u00fd \u2013 jak je zn\u00e1m\u00fd pod sv\u00fdm druh\u00fdm n\u00e1zvem, \u017eije na dn\u011b od m\u011bl\u010din a\u017e po hloubky v\u011bt\u0161\u00ed ne\u017e\u00a050 metr\u016f. Jeho zrak je slab\u00fd, proto m\u00e1 velice vyvinut\u00fd hmat a \u010dich. Hlavn\u00ed potravou jsou hlavono\u017eci a kor\u00fd\u0161i. Rozmno\u017euj\u00ed se vaj\u00ed\u010dky opat\u0159en\u00fdmi kapsovitou schr\u00e1nkou a samice je kladou do \u0159as a na mo\u0159sk\u00e9 dno.<\/p>","protected":false},"excerpt":{"rendered":"<p>Vyskytuje se v z\u00e1padn\u00ed \u010d\u00e1sti Tich\u00e9ho oce\u00e1nu. \u017dralok kobercov\u00fd, nebo-li tak\u00e9 wobegong skvrnit\u00fd \u2013 jak je zn\u00e1m\u00fd pod sv\u00fdm druh\u00fdm n\u00e1zvem, \u017eije na dn\u011b od m\u011bl\u010din a\u017e po hloubky v\u011bt\u0161\u00ed ne\u017e\u00a050 metr\u016f. Jeho zrak je slab\u00fd, proto m\u00e1 velice vyvinut\u00fd hmat a \u010dich. Hlavn\u00ed potravou jsou hlavono\u017eci a kor\u00fd\u0161i. Rozmno\u017euj\u00ed se vaj\u00ed\u010dky opat\u0159en\u00fdmi kapsovitou schr\u00e1nkou [&hellip;]<\/p>","protected":false},"featured_media":4866,"comment_status":"open","ping_status":"closed","template":"","meta":{"site-sidebar-layout":"default","site-content-layout":"","ast-site-content-layout":"default","site-content-style":"default","site-sidebar-style":"default","ast-global-header-display":"","ast-banner-title-visibility":"","ast-main-header-display":"","ast-hfb-above-header-display":"","ast-hfb-below-header-display":"","ast-hfb-mobile-header-display":"","site-post-title":"","ast-breadcrumbs-content":"","ast-featured-img":"","footer-sml-layout":"","theme-transparent-header-meta":"default","adv-header-id-meta":"","stick-header-meta":"default","header-above-stick-meta":"","header-main-stick-meta":"","header-below-stick-meta":"","astra-migrate-meta-layouts":"set","ast-page-background-enabled":"default","ast-page-background-meta":{"desktop":{"background-color":"","background-image":"","background-repeat":"repeat","background-position":"center center","background-size":"auto","background-attachment":"scroll","background-type":"","background-media":"","overlay-type":"","overlay-color":"","overlay-opacity":"","overlay-gradient":""},"tablet":{"background-color":"","background-image":"","background-repeat":"repeat","background-position":"center center","background-size":"auto","background-attachment":"scroll","background-type":"","background-media":"","overlay-type":"","overlay-color":"","overlay-opacity":"","overlay-gradient":""},"mobile":{"background-color":"","background-image":"","background-repeat":"repeat","background-position":"center center","background-size":"auto","background-attachment":"scroll","background-type":"","background-media":"","overlay-type":"","overlay-color":"","overlay-opacity":"","overlay-gradient":""}},"ast-content-background-meta":{"desktop":{"background-color":"var(--ast-global-color-5)","background-image":"","background-repeat":"repeat","background-position":"center center","background-size":"auto","background-attachment":"scroll","background-type":"","background-media":"","overlay-type":"","overlay-color":"","overlay-opacity":"","overlay-gradient":""},"tablet":{"background-color":"var(--ast-global-color-5)","background-image":"","background-repeat":"repeat","background-position":"center center","background-size":"auto","background-attachment":"scroll","background-type":"","background-media":"","overlay-type":"","overlay-color":"","overlay-opacity":"","overlay-gradient":""},"mobile":{"background-color":"var(--ast-global-color-5)","background-image":"","background-repeat":"repeat","background-position":"center center","background-size":"auto","background-attachment":"scroll","background-type":"","background-media":"","overlay-type":"","overlay-color":"","overlay-opacity":"","overlay-gradient":""}}},"product_cat":[88],"product_tag":[],"class_list":{"0":"post-4862","1":"product","2":"type-product","3":"status-publish","4":"has-post-thumbnail","6":"product_cat-adopce","7":"desktop-align-left","8":"tablet-align-left","9":"mobile-align-left","10":"ast-product-gallery-layout-vertical-slider","11":"ast-product-single-variable","12":"ast-product-tabs-layout-horizontal","13":"ast-qv-on-image","15":"first","16":"instock","17":"taxable","18":"shipping-taxable","19":"purchasable","20":"product-type-variable","21":"has-default-attributes"},"jetpack_sharing_enabled":true,"_links":{"self":[{"href":"http:\/\/morskysvet.cz\/en\/wp-json\/wp\/v2\/product\/4862","targetHints":{"allow":["GET"]}}],"collection":[{"href":"http:\/\/morskysvet.cz\/en\/wp-json\/wp\/v2\/product"}],"about":[{"href":"http:\/\/morskysvet.cz\/en\/wp-json\/wp\/v2\/types\/product"}],"replies":[{"embeddable":true,"href":"http:\/\/morskysvet.cz\/en\/wp-json\/wp\/v2\/comments?post=4862"}],"wp:featuredmedia":[{"embeddable":true,"href":"http:\/\/morskysvet.cz\/en\/wp-json\/wp\/v2\/media\/4866"}],"wp:attachment":[{"href":"http:\/\/morskysvet.cz\/en\/wp-json\/wp\/v2\/media?parent=4862"}],"wp:term":[{"taxonomy":"product_cat","embeddable":true,"href":"http:\/\/morskysvet.cz\/en\/wp-json\/wp\/v2\/product_cat?post=4862"},{"taxonomy":"product_tag","embeddable":true,"href":"http:\/\/morskysvet.cz\/en\/wp-json\/wp\/v2\/product_tag?post=4862"}],"curies":[{"name":"wp","href":"https:\/\/api.w.org\/{rel}","templated":true}]}}