{"id":4888,"date":"2024-07-22T14:06:20","date_gmt":"2024-07-22T14:06:20","guid":{"rendered":"https:\/\/mosk-svet.local\/?post_type=product&#038;p=4888"},"modified":"2026-02-24T12:27:39","modified_gmt":"2026-02-24T12:27:39","slug":"perutyn-ohnivy","status":"publish","type":"product","link":"http:\/\/morskysvet.cz\/en\/product\/perutyn-ohnivy\/","title":{"rendered":"Perut\u00fdn Ohniv\u00fd"},"content":{"rendered":"<p>Vyskytuje se v tropick\u00e9m p\u00e1su v\u00fdch. \u010d\u00e1sti Indick\u00e9ho oce\u00e1nu a z\u00e1p. \u010d\u00e1st Tich\u00e9ho oce\u00e1nu. Tato ropu\u0161nicovit\u00e1 ryba je velice dobr\u00fd lovec. V p\u0159\u00edpad\u011b, \u017ee se perut\u00fdn c\u00edt\u00ed ohro\u017een a nem\u00e1 mo\u017enost \u00faniku, dok\u00e1\u017ee aktivn\u011b za\u00fato\u010dit prudce jedovat\u00fdmi ostny ve h\u0159betn\u00ed, \u0159itn\u00ed a b\u0159i\u0161n\u00ed ploutvi. Jedn\u00e1 se o neurotoxick\u00fd jed velmi podobn\u00fd jedu kobry. V p\u0159\u00edpad\u011b bodnut\u00ed je t\u0159eba okam\u017eit\u011b vyrozum\u011bt l\u00e9ka\u0159e!\u00a0 Bolest je velmi siln\u00e1 a do 20 min. se stup\u0148uje. Dosahuje maxima a postupn\u011b ustupuje, co\u017e m\u016f\u017ee trvat a\u017e 24 hod. Je zapot\u0159eb\u00ed, aby r\u00e1na byla pono\u0159en\u00e1 v co nejteplej\u0161\u00ed vod\u011b, krv\u00e1cela, co\u017e \u010d\u00e1ste\u010dn\u011b potla\u010duje p\u016fsoben\u00ed jedu.<\/p>","protected":false},"excerpt":{"rendered":"<p>Vyskytuje se v tropick\u00e9m p\u00e1su v\u00fdch. \u010d\u00e1sti Indick\u00e9ho oce\u00e1nu a z\u00e1p. \u010d\u00e1st Tich\u00e9ho oce\u00e1nu. Tato ropu\u0161nicovit\u00e1 ryba je velice dobr\u00fd lovec. V p\u0159\u00edpad\u011b, \u017ee se perut\u00fdn c\u00edt\u00ed ohro\u017een a nem\u00e1 mo\u017enost \u00faniku, dok\u00e1\u017ee aktivn\u011b za\u00fato\u010dit prudce jedovat\u00fdmi ostny ve h\u0159betn\u00ed, \u0159itn\u00ed a b\u0159i\u0161n\u00ed ploutvi. Jedn\u00e1 se o neurotoxick\u00fd jed velmi podobn\u00fd jedu kobry. V p\u0159\u00edpad\u011b [&hellip;]<\/p>","protected":false},"featured_media":4892,"comment_status":"open","ping_status":"closed","template":"","meta":{"site-sidebar-layout":"default","site-content-layout":"","ast-site-content-layout":"default","site-content-style":"default","site-sidebar-style":"default","ast-global-header-display":"","ast-banner-title-visibility":"","ast-main-header-display":"","ast-hfb-above-header-display":"","ast-hfb-below-header-display":"","ast-hfb-mobile-header-display":"","site-post-title":"","ast-breadcrumbs-content":"","ast-featured-img":"","footer-sml-layout":"","theme-transparent-header-meta":"default","adv-header-id-meta":"","stick-header-meta":"default","header-above-stick-meta":"","header-main-stick-meta":"","header-below-stick-meta":"","astra-migrate-meta-layouts":"set","ast-page-background-enabled":"default","ast-page-background-meta":{"desktop":{"background-color":"","background-image":"","background-repeat":"repeat","background-position":"center center","background-size":"auto","background-attachment":"scroll","background-type":"","background-media":"","overlay-type":"","overlay-color":"","overlay-opacity":"","overlay-gradient":""},"tablet":{"background-color":"","background-image":"","background-repeat":"repeat","background-position":"center center","background-size":"auto","background-attachment":"scroll","background-type":"","background-media":"","overlay-type":"","overlay-color":"","overlay-opacity":"","overlay-gradient":""},"mobile":{"background-color":"","background-image":"","background-repeat":"repeat","background-position":"center center","background-size":"auto","background-attachment":"scroll","background-type":"","background-media":"","overlay-type":"","overlay-color":"","overlay-opacity":"","overlay-gradient":""}},"ast-content-background-meta":{"desktop":{"background-color":"var(--ast-global-color-5)","background-image":"","background-repeat":"repeat","background-position":"center center","background-size":"auto","background-attachment":"scroll","background-type":"","background-media":"","overlay-type":"","overlay-color":"","overlay-opacity":"","overlay-gradient":""},"tablet":{"background-color":"var(--ast-global-color-5)","background-image":"","background-repeat":"repeat","background-position":"center center","background-size":"auto","background-attachment":"scroll","background-type":"","background-media":"","overlay-type":"","overlay-color":"","overlay-opacity":"","overlay-gradient":""},"mobile":{"background-color":"var(--ast-global-color-5)","background-image":"","background-repeat":"repeat","background-position":"center center","background-size":"auto","background-attachment":"scroll","background-type":"","background-media":"","overlay-type":"","overlay-color":"","overlay-opacity":"","overlay-gradient":""}}},"product_cat":[88],"product_tag":[],"class_list":{"0":"post-4888","1":"product","2":"type-product","3":"status-publish","4":"has-post-thumbnail","6":"product_cat-adopce","7":"desktop-align-left","8":"tablet-align-left","9":"mobile-align-left","10":"ast-product-gallery-layout-vertical-slider","11":"ast-product-gallery-with-no-image","12":"ast-product-single-variable","13":"ast-product-tabs-layout-horizontal","14":"ast-qv-on-image","16":"first","17":"instock","18":"taxable","19":"shipping-taxable","20":"purchasable","21":"product-type-variable","22":"has-default-attributes"},"jetpack_sharing_enabled":true,"_links":{"self":[{"href":"http:\/\/morskysvet.cz\/en\/wp-json\/wp\/v2\/product\/4888","targetHints":{"allow":["GET"]}}],"collection":[{"href":"http:\/\/morskysvet.cz\/en\/wp-json\/wp\/v2\/product"}],"about":[{"href":"http:\/\/morskysvet.cz\/en\/wp-json\/wp\/v2\/types\/product"}],"replies":[{"embeddable":true,"href":"http:\/\/morskysvet.cz\/en\/wp-json\/wp\/v2\/comments?post=4888"}],"wp:featuredmedia":[{"embeddable":true,"href":"http:\/\/morskysvet.cz\/en\/wp-json\/wp\/v2\/media\/4892"}],"wp:attachment":[{"href":"http:\/\/morskysvet.cz\/en\/wp-json\/wp\/v2\/media?parent=4888"}],"wp:term":[{"taxonomy":"product_cat","embeddable":true,"href":"http:\/\/morskysvet.cz\/en\/wp-json\/wp\/v2\/product_cat?post=4888"},{"taxonomy":"product_tag","embeddable":true,"href":"http:\/\/morskysvet.cz\/en\/wp-json\/wp\/v2\/product_tag?post=4888"}],"curies":[{"name":"wp","href":"https:\/\/api.w.org\/{rel}","templated":true}]}}