{"id":4893,"date":"2024-07-22T14:09:47","date_gmt":"2024-07-22T14:09:47","guid":{"rendered":"https:\/\/mosk-svet.local\/?post_type=product&#038;p=4893"},"modified":"2026-02-24T12:25:49","modified_gmt":"2026-02-24T12:25:49","slug":"klaun-ockaty","status":"publish","type":"product","link":"http:\/\/morskysvet.cz\/en\/product\/klaun-ockaty\/","title":{"rendered":"Klaun O\u010dkat\u00fd"},"content":{"rendered":"<p>Klauna o\u010dkat\u00e9ho bychom na\u0161li ve v\u00fdchodn\u00ed okraji Indick\u00e9ho a v\u00a0z\u00e1padn\u00ed \u010d\u00e1sti Tich\u00e9ho oce\u00e1nu. Je to v\u0161e\u017eravec. Klaun \u017eije symbioticky se sasankami, co\u017e je v\u00fdhodn\u00e9 jak pro sasanky, kter\u00e9 jsou t\u011bmito rybami \u00faporn\u011b br\u00e1n\u011bny p\u0159ed vet\u0159elci, tak i pro klauny, kte\u0159\u00ed mezi jej\u00edmi (pro jin\u00e9 ryby \u017eahav\u00fdmi) chapadly nal\u00e9zaj\u00ed ochranu. Proti po\u017eah\u00e1n\u00ed jsou rybky chr\u00e1n\u011bny vrstvou slizu.<\/p>","protected":false},"excerpt":{"rendered":"<p>Klauna o\u010dkat\u00e9ho bychom na\u0161li ve v\u00fdchodn\u00ed okraji Indick\u00e9ho a v\u00a0z\u00e1padn\u00ed \u010d\u00e1sti Tich\u00e9ho oce\u00e1nu. Je to v\u0161e\u017eravec. Klaun \u017eije symbioticky se sasankami, co\u017e je v\u00fdhodn\u00e9 jak pro sasanky, kter\u00e9 jsou t\u011bmito rybami \u00faporn\u011b br\u00e1n\u011bny p\u0159ed vet\u0159elci, tak i pro klauny, kte\u0159\u00ed mezi jej\u00edmi (pro jin\u00e9 ryby \u017eahav\u00fdmi) chapadly nal\u00e9zaj\u00ed ochranu. Proti po\u017eah\u00e1n\u00ed jsou rybky chr\u00e1n\u011bny vrstvou [&hellip;]<\/p>","protected":false},"featured_media":4897,"comment_status":"open","ping_status":"closed","template":"","meta":{"site-sidebar-layout":"default","site-content-layout":"","ast-site-content-layout":"default","site-content-style":"default","site-sidebar-style":"default","ast-global-header-display":"","ast-banner-title-visibility":"","ast-main-header-display":"","ast-hfb-above-header-display":"","ast-hfb-below-header-display":"","ast-hfb-mobile-header-display":"","site-post-title":"","ast-breadcrumbs-content":"","ast-featured-img":"","footer-sml-layout":"","theme-transparent-header-meta":"default","adv-header-id-meta":"","stick-header-meta":"default","header-above-stick-meta":"","header-main-stick-meta":"","header-below-stick-meta":"","astra-migrate-meta-layouts":"set","ast-page-background-enabled":"default","ast-page-background-meta":{"desktop":{"background-color":"","background-image":"","background-repeat":"repeat","background-position":"center center","background-size":"auto","background-attachment":"scroll","background-type":"","background-media":"","overlay-type":"","overlay-color":"","overlay-opacity":"","overlay-gradient":""},"tablet":{"background-color":"","background-image":"","background-repeat":"repeat","background-position":"center center","background-size":"auto","background-attachment":"scroll","background-type":"","background-media":"","overlay-type":"","overlay-color":"","overlay-opacity":"","overlay-gradient":""},"mobile":{"background-color":"","background-image":"","background-repeat":"repeat","background-position":"center center","background-size":"auto","background-attachment":"scroll","background-type":"","background-media":"","overlay-type":"","overlay-color":"","overlay-opacity":"","overlay-gradient":""}},"ast-content-background-meta":{"desktop":{"background-color":"var(--ast-global-color-5)","background-image":"","background-repeat":"repeat","background-position":"center center","background-size":"auto","background-attachment":"scroll","background-type":"","background-media":"","overlay-type":"","overlay-color":"","overlay-opacity":"","overlay-gradient":""},"tablet":{"background-color":"var(--ast-global-color-5)","background-image":"","background-repeat":"repeat","background-position":"center center","background-size":"auto","background-attachment":"scroll","background-type":"","background-media":"","overlay-type":"","overlay-color":"","overlay-opacity":"","overlay-gradient":""},"mobile":{"background-color":"var(--ast-global-color-5)","background-image":"","background-repeat":"repeat","background-position":"center center","background-size":"auto","background-attachment":"scroll","background-type":"","background-media":"","overlay-type":"","overlay-color":"","overlay-opacity":"","overlay-gradient":""}}},"product_cat":[88],"product_tag":[],"class_list":{"0":"post-4893","1":"product","2":"type-product","3":"status-publish","4":"has-post-thumbnail","6":"product_cat-adopce","7":"desktop-align-left","8":"tablet-align-left","9":"mobile-align-left","10":"ast-product-gallery-layout-vertical-slider","11":"ast-product-gallery-with-no-image","12":"ast-product-single-variable","13":"ast-product-tabs-layout-horizontal","14":"ast-qv-on-image","16":"first","17":"instock","18":"taxable","19":"shipping-taxable","20":"purchasable","21":"product-type-variable","22":"has-default-attributes"},"jetpack_sharing_enabled":true,"_links":{"self":[{"href":"http:\/\/morskysvet.cz\/en\/wp-json\/wp\/v2\/product\/4893","targetHints":{"allow":["GET"]}}],"collection":[{"href":"http:\/\/morskysvet.cz\/en\/wp-json\/wp\/v2\/product"}],"about":[{"href":"http:\/\/morskysvet.cz\/en\/wp-json\/wp\/v2\/types\/product"}],"replies":[{"embeddable":true,"href":"http:\/\/morskysvet.cz\/en\/wp-json\/wp\/v2\/comments?post=4893"}],"wp:featuredmedia":[{"embeddable":true,"href":"http:\/\/morskysvet.cz\/en\/wp-json\/wp\/v2\/media\/4897"}],"wp:attachment":[{"href":"http:\/\/morskysvet.cz\/en\/wp-json\/wp\/v2\/media?parent=4893"}],"wp:term":[{"taxonomy":"product_cat","embeddable":true,"href":"http:\/\/morskysvet.cz\/en\/wp-json\/wp\/v2\/product_cat?post=4893"},{"taxonomy":"product_tag","embeddable":true,"href":"http:\/\/morskysvet.cz\/en\/wp-json\/wp\/v2\/product_tag?post=4893"}],"curies":[{"name":"wp","href":"https:\/\/api.w.org\/{rel}","templated":true}]}}