{"id":4905,"date":"2024-07-22T19:15:47","date_gmt":"2024-07-22T19:15:47","guid":{"rendered":"https:\/\/mosk-svet.local\/?post_type=product&#038;p=4905"},"modified":"2026-02-24T12:22:05","modified_gmt":"2026-02-24T12:22:05","slug":"ostrorep-americky","status":"publish","type":"product","link":"http:\/\/morskysvet.cz\/en\/product\/ostrorep-americky\/","title":{"rendered":"Ostrorep Americk\u00fd"},"content":{"rendered":"<p>Pat\u0159\u00ed do kmene \u010dlenovc\u016f (<em>Arthropoda<\/em>), or\u016fstaj\u00ed velikosti a\u017e 70 centimetr\u016f. Poch\u00e1zej\u00ed ze z\u00e1padn\u00edho pob\u0159e\u017e\u00ed USA, kde \u017eij\u00ed na p\u00edse\u010dn\u00e9m dn\u011b. Za posledn\u00edch 300 milion\u016f let se prakticky v\u016fbec nezm\u011bnili. T\u011blo je zakon\u010deno ostnem, kter\u00fd slou\u017e\u00ed k tomu, aby se s jeho pomoc\u00ed mohl snadno p\u0159evr\u00e1tit zp\u011bt na nohy. V\u00a0zimn\u00edm obdob\u00ed je zavrt\u00e1n v\u00a0p\u00edsku, zjara za p\u0159\u00edlivu vyl\u00e9zaj\u00ed na sou\u0161, kde samice klade a\u017e 20\u00a0000 zelen\u00fdch vaj\u00ed\u010dek.<\/p>","protected":false},"excerpt":{"rendered":"<p>Pat\u0159\u00ed do kmene \u010dlenovc\u016f (Arthropoda), or\u016fstaj\u00ed velikosti a\u017e 70 centimetr\u016f. Poch\u00e1zej\u00ed ze z\u00e1padn\u00edho pob\u0159e\u017e\u00ed USA, kde \u017eij\u00ed na p\u00edse\u010dn\u00e9m dn\u011b. Za posledn\u00edch 300 milion\u016f let se prakticky v\u016fbec nezm\u011bnili. T\u011blo je zakon\u010deno ostnem, kter\u00fd slou\u017e\u00ed k tomu, aby se s jeho pomoc\u00ed mohl snadno p\u0159evr\u00e1tit zp\u011bt na nohy. V\u00a0zimn\u00edm obdob\u00ed je zavrt\u00e1n v\u00a0p\u00edsku, zjara za [&hellip;]<\/p>","protected":false},"featured_media":4909,"comment_status":"open","ping_status":"closed","template":"","meta":{"site-sidebar-layout":"default","site-content-layout":"","ast-site-content-layout":"default","site-content-style":"default","site-sidebar-style":"default","ast-global-header-display":"","ast-banner-title-visibility":"","ast-main-header-display":"","ast-hfb-above-header-display":"","ast-hfb-below-header-display":"","ast-hfb-mobile-header-display":"","site-post-title":"","ast-breadcrumbs-content":"","ast-featured-img":"","footer-sml-layout":"","theme-transparent-header-meta":"default","adv-header-id-meta":"","stick-header-meta":"default","header-above-stick-meta":"","header-main-stick-meta":"","header-below-stick-meta":"","astra-migrate-meta-layouts":"set","ast-page-background-enabled":"default","ast-page-background-meta":{"desktop":{"background-color":"","background-image":"","background-repeat":"repeat","background-position":"center center","background-size":"auto","background-attachment":"scroll","background-type":"","background-media":"","overlay-type":"","overlay-color":"","overlay-opacity":"","overlay-gradient":""},"tablet":{"background-color":"","background-image":"","background-repeat":"repeat","background-position":"center center","background-size":"auto","background-attachment":"scroll","background-type":"","background-media":"","overlay-type":"","overlay-color":"","overlay-opacity":"","overlay-gradient":""},"mobile":{"background-color":"","background-image":"","background-repeat":"repeat","background-position":"center center","background-size":"auto","background-attachment":"scroll","background-type":"","background-media":"","overlay-type":"","overlay-color":"","overlay-opacity":"","overlay-gradient":""}},"ast-content-background-meta":{"desktop":{"background-color":"var(--ast-global-color-5)","background-image":"","background-repeat":"repeat","background-position":"center center","background-size":"auto","background-attachment":"scroll","background-type":"","background-media":"","overlay-type":"","overlay-color":"","overlay-opacity":"","overlay-gradient":""},"tablet":{"background-color":"var(--ast-global-color-5)","background-image":"","background-repeat":"repeat","background-position":"center center","background-size":"auto","background-attachment":"scroll","background-type":"","background-media":"","overlay-type":"","overlay-color":"","overlay-opacity":"","overlay-gradient":""},"mobile":{"background-color":"var(--ast-global-color-5)","background-image":"","background-repeat":"repeat","background-position":"center center","background-size":"auto","background-attachment":"scroll","background-type":"","background-media":"","overlay-type":"","overlay-color":"","overlay-opacity":"","overlay-gradient":""}}},"product_cat":[88],"product_tag":[],"class_list":{"0":"post-4905","1":"product","2":"type-product","3":"status-publish","4":"has-post-thumbnail","6":"product_cat-adopce","7":"desktop-align-left","8":"tablet-align-left","9":"mobile-align-left","10":"ast-product-gallery-layout-vertical-slider","11":"ast-product-gallery-with-no-image","12":"ast-product-single-variable","13":"ast-product-tabs-layout-horizontal","14":"ast-qv-on-image","16":"first","17":"instock","18":"taxable","19":"shipping-taxable","20":"purchasable","21":"product-type-variable","22":"has-default-attributes"},"jetpack_sharing_enabled":true,"_links":{"self":[{"href":"http:\/\/morskysvet.cz\/en\/wp-json\/wp\/v2\/product\/4905","targetHints":{"allow":["GET"]}}],"collection":[{"href":"http:\/\/morskysvet.cz\/en\/wp-json\/wp\/v2\/product"}],"about":[{"href":"http:\/\/morskysvet.cz\/en\/wp-json\/wp\/v2\/types\/product"}],"replies":[{"embeddable":true,"href":"http:\/\/morskysvet.cz\/en\/wp-json\/wp\/v2\/comments?post=4905"}],"wp:featuredmedia":[{"embeddable":true,"href":"http:\/\/morskysvet.cz\/en\/wp-json\/wp\/v2\/media\/4909"}],"wp:attachment":[{"href":"http:\/\/morskysvet.cz\/en\/wp-json\/wp\/v2\/media?parent=4905"}],"wp:term":[{"taxonomy":"product_cat","embeddable":true,"href":"http:\/\/morskysvet.cz\/en\/wp-json\/wp\/v2\/product_cat?post=4905"},{"taxonomy":"product_tag","embeddable":true,"href":"http:\/\/morskysvet.cz\/en\/wp-json\/wp\/v2\/product_tag?post=4905"}],"curies":[{"name":"wp","href":"https:\/\/api.w.org\/{rel}","templated":true}]}}