{"id":4910,"date":"2024-07-22T19:17:23","date_gmt":"2024-07-22T19:17:23","guid":{"rendered":"https:\/\/mosk-svet.local\/?post_type=product&#038;p=4910"},"modified":"2026-02-24T12:20:21","modified_gmt":"2026-02-24T12:20:21","slug":"jezik-hnedy","status":"publish","type":"product","link":"http:\/\/morskysvet.cz\/en\/product\/jezik-hnedy\/","title":{"rendered":"Je\u017e\u00edk Hn\u011bd\u00fd"},"content":{"rendered":"<p>Ob\u00fdv\u00e1 tropick\u00e1 mo\u0159e cel\u00e9ho sv\u011bta. Dor\u016fst\u00e1 do velikosti 50 cm. Potravu tvo\u0159\u00ed ostnoko\u017eci a kor\u00fd\u0161i. Ryba se dok\u00e1\u017ee v ohro\u017een\u00ed rychle nafouknout a t\u00edm dojde k naje\u017een\u00ed jej\u00edch velmi ostr\u00fdch trn\u016f. P\u0159i rozmno\u017eov\u00e1n\u00ed klade vysok\u00fd po\u010det jiker do hn\u00edzda na dn\u011b.<\/p>","protected":false},"excerpt":{"rendered":"<p>Ob\u00fdv\u00e1 tropick\u00e1 mo\u0159e cel\u00e9ho sv\u011bta. Dor\u016fst\u00e1 do velikosti 50 cm. Potravu tvo\u0159\u00ed ostnoko\u017eci a kor\u00fd\u0161i. Ryba se dok\u00e1\u017ee v ohro\u017een\u00ed rychle nafouknout a t\u00edm dojde k naje\u017een\u00ed jej\u00edch velmi ostr\u00fdch trn\u016f. P\u0159i rozmno\u017eov\u00e1n\u00ed klade vysok\u00fd po\u010det jiker do hn\u00edzda na dn\u011b.<\/p>","protected":false},"featured_media":4996,"comment_status":"open","ping_status":"closed","template":"","meta":{"site-sidebar-layout":"default","site-content-layout":"","ast-site-content-layout":"default","site-content-style":"default","site-sidebar-style":"default","ast-global-header-display":"","ast-banner-title-visibility":"","ast-main-header-display":"","ast-hfb-above-header-display":"","ast-hfb-below-header-display":"","ast-hfb-mobile-header-display":"","site-post-title":"","ast-breadcrumbs-content":"","ast-featured-img":"","footer-sml-layout":"","theme-transparent-header-meta":"default","adv-header-id-meta":"","stick-header-meta":"default","header-above-stick-meta":"","header-main-stick-meta":"","header-below-stick-meta":"","astra-migrate-meta-layouts":"set","ast-page-background-enabled":"default","ast-page-background-meta":{"desktop":{"background-color":"","background-image":"","background-repeat":"repeat","background-position":"center center","background-size":"auto","background-attachment":"scroll","background-type":"","background-media":"","overlay-type":"","overlay-color":"","overlay-opacity":"","overlay-gradient":""},"tablet":{"background-color":"","background-image":"","background-repeat":"repeat","background-position":"center center","background-size":"auto","background-attachment":"scroll","background-type":"","background-media":"","overlay-type":"","overlay-color":"","overlay-opacity":"","overlay-gradient":""},"mobile":{"background-color":"","background-image":"","background-repeat":"repeat","background-position":"center center","background-size":"auto","background-attachment":"scroll","background-type":"","background-media":"","overlay-type":"","overlay-color":"","overlay-opacity":"","overlay-gradient":""}},"ast-content-background-meta":{"desktop":{"background-color":"var(--ast-global-color-5)","background-image":"","background-repeat":"repeat","background-position":"center center","background-size":"auto","background-attachment":"scroll","background-type":"","background-media":"","overlay-type":"","overlay-color":"","overlay-opacity":"","overlay-gradient":""},"tablet":{"background-color":"var(--ast-global-color-5)","background-image":"","background-repeat":"repeat","background-position":"center center","background-size":"auto","background-attachment":"scroll","background-type":"","background-media":"","overlay-type":"","overlay-color":"","overlay-opacity":"","overlay-gradient":""},"mobile":{"background-color":"var(--ast-global-color-5)","background-image":"","background-repeat":"repeat","background-position":"center center","background-size":"auto","background-attachment":"scroll","background-type":"","background-media":"","overlay-type":"","overlay-color":"","overlay-opacity":"","overlay-gradient":""}}},"product_cat":[88],"product_tag":[],"class_list":{"0":"post-4910","1":"product","2":"type-product","3":"status-publish","4":"has-post-thumbnail","6":"product_cat-adopce","7":"desktop-align-left","8":"tablet-align-left","9":"mobile-align-left","10":"ast-product-gallery-layout-vertical-slider","11":"ast-product-gallery-with-no-image","12":"ast-product-single-variable","13":"ast-product-tabs-layout-horizontal","14":"ast-qv-on-image","16":"first","17":"instock","18":"taxable","19":"shipping-taxable","20":"purchasable","21":"product-type-variable","22":"has-default-attributes"},"jetpack_sharing_enabled":true,"_links":{"self":[{"href":"http:\/\/morskysvet.cz\/en\/wp-json\/wp\/v2\/product\/4910","targetHints":{"allow":["GET"]}}],"collection":[{"href":"http:\/\/morskysvet.cz\/en\/wp-json\/wp\/v2\/product"}],"about":[{"href":"http:\/\/morskysvet.cz\/en\/wp-json\/wp\/v2\/types\/product"}],"replies":[{"embeddable":true,"href":"http:\/\/morskysvet.cz\/en\/wp-json\/wp\/v2\/comments?post=4910"}],"wp:featuredmedia":[{"embeddable":true,"href":"http:\/\/morskysvet.cz\/en\/wp-json\/wp\/v2\/media\/4996"}],"wp:attachment":[{"href":"http:\/\/morskysvet.cz\/en\/wp-json\/wp\/v2\/media?parent=4910"}],"wp:term":[{"taxonomy":"product_cat","embeddable":true,"href":"http:\/\/morskysvet.cz\/en\/wp-json\/wp\/v2\/product_cat?post=4910"},{"taxonomy":"product_tag","embeddable":true,"href":"http:\/\/morskysvet.cz\/en\/wp-json\/wp\/v2\/product_tag?post=4910"}],"curies":[{"name":"wp","href":"https:\/\/api.w.org\/{rel}","templated":true}]}}