{"id":5003,"date":"2024-08-06T13:52:26","date_gmt":"2024-08-06T13:52:26","guid":{"rendered":"https:\/\/mosk-svet.local\/?post_type=product&#038;p=5003"},"modified":"2025-07-22T11:39:19","modified_gmt":"2025-07-22T11:39:19","slug":"rocni-permanentka-rodina-21-dite-do-15-let","status":"publish","type":"product","link":"http:\/\/morskysvet.cz\/en\/product\/rocni-permanentka-rodina-21-dite-do-15-let\/","title":{"rendered":"Ro\u010dn\u00ed permanentka rodina 2+1 (d\u00edt\u011b do 15 let)"},"content":{"rendered":"<p>Voucher na permanentn\u00ed\u00a0vstupenku pro n\u00e1v\u0161t\u011bvu Mo\u0159sk\u00e9ho sv\u011bta pro\u00a0rodinu 2+1 (d\u00edt\u011b do 15 let).\u00a0 Obdr\u017een\u00e1 vstupenka m\u00e1 platnost\u00a0365\u00a0dn\u00ed.<\/p>\n<p>Permanentka je nep\u0159enosn\u00e1 a platn\u00e1 na neomezen\u00fd po\u010det vstup\u016f, platn\u00e1 jeden rok od data vystaven\u00ed. K vystaven\u00ed permanentky je t\u0159eba dodat fotografii (lze i v elektronick\u00e9 podob\u011b) a jm\u00e9no a p\u0159\u00edjmen\u00ed &#8211; u d\u011bt\u00ed nevy\u017eadujeme. Vystaven\u00ed permanentky\u00a0trv\u00e1 cca 10 dn\u00ed.<\/p>","protected":false},"excerpt":{"rendered":"<p>Voucher na permanentn\u00ed\u00a0vstupenku pro n\u00e1v\u0161t\u011bvu Mo\u0159sk\u00e9ho sv\u011bta pro\u00a0rodinu 2+1 (d\u00edt\u011b do 15 let).\u00a0 Obdr\u017een\u00e1 vstupenka m\u00e1 platnost\u00a0365\u00a0dn\u00ed. Permanentka je nep\u0159enosn\u00e1 a platn\u00e1 na neomezen\u00fd po\u010det vstup\u016f, platn\u00e1 jeden rok od data vystaven\u00ed. K vystaven\u00ed permanentky je t\u0159eba dodat fotografii (lze i v elektronick\u00e9 podob\u011b) a jm\u00e9no a p\u0159\u00edjmen\u00ed &#8211; u d\u011bt\u00ed nevy\u017eadujeme. Vystaven\u00ed permanentky\u00a0trv\u00e1 cca [&hellip;]<\/p>","protected":false},"featured_media":5004,"comment_status":"closed","ping_status":"closed","template":"","meta":{"site-sidebar-layout":"default","site-content-layout":"","ast-site-content-layout":"default","site-content-style":"default","site-sidebar-style":"default","ast-global-header-display":"","ast-banner-title-visibility":"","ast-main-header-display":"","ast-hfb-above-header-display":"","ast-hfb-below-header-display":"","ast-hfb-mobile-header-display":"","site-post-title":"","ast-breadcrumbs-content":"","ast-featured-img":"","footer-sml-layout":"","theme-transparent-header-meta":"default","adv-header-id-meta":"","stick-header-meta":"default","header-above-stick-meta":"","header-main-stick-meta":"","header-below-stick-meta":"","astra-migrate-meta-layouts":"set","ast-page-background-enabled":"default","ast-page-background-meta":{"desktop":{"background-color":"","background-image":"","background-repeat":"repeat","background-position":"center center","background-size":"auto","background-attachment":"scroll","background-type":"","background-media":"","overlay-type":"","overlay-color":"","overlay-opacity":"","overlay-gradient":""},"tablet":{"background-color":"","background-image":"","background-repeat":"repeat","background-position":"center center","background-size":"auto","background-attachment":"scroll","background-type":"","background-media":"","overlay-type":"","overlay-color":"","overlay-opacity":"","overlay-gradient":""},"mobile":{"background-color":"","background-image":"","background-repeat":"repeat","background-position":"center center","background-size":"auto","background-attachment":"scroll","background-type":"","background-media":"","overlay-type":"","overlay-color":"","overlay-opacity":"","overlay-gradient":""}},"ast-content-background-meta":{"desktop":{"background-color":"var(--ast-global-color-5)","background-image":"","background-repeat":"repeat","background-position":"center center","background-size":"auto","background-attachment":"scroll","background-type":"","background-media":"","overlay-type":"","overlay-color":"","overlay-opacity":"","overlay-gradient":""},"tablet":{"background-color":"var(--ast-global-color-5)","background-image":"","background-repeat":"repeat","background-position":"center center","background-size":"auto","background-attachment":"scroll","background-type":"","background-media":"","overlay-type":"","overlay-color":"","overlay-opacity":"","overlay-gradient":""},"mobile":{"background-color":"var(--ast-global-color-5)","background-image":"","background-repeat":"repeat","background-position":"center center","background-size":"auto","background-attachment":"scroll","background-type":"","background-media":"","overlay-type":"","overlay-color":"","overlay-opacity":"","overlay-gradient":""}}},"product_cat":[243],"product_tag":[],"class_list":{"0":"post-5003","1":"product","2":"type-product","3":"status-publish","4":"has-post-thumbnail","6":"product_cat-permanentky","7":"desktop-align-left","8":"tablet-align-left","9":"mobile-align-left","10":"ast-product-gallery-layout-vertical-slider","11":"ast-product-gallery-with-no-image","12":"ast-product-tabs-layout-horizontal","13":"ast-qv-on-image","15":"first","16":"instock","17":"virtual","18":"taxable","19":"purchasable","20":"product-type-simple"},"jetpack_sharing_enabled":true,"_links":{"self":[{"href":"http:\/\/morskysvet.cz\/en\/wp-json\/wp\/v2\/product\/5003","targetHints":{"allow":["GET"]}}],"collection":[{"href":"http:\/\/morskysvet.cz\/en\/wp-json\/wp\/v2\/product"}],"about":[{"href":"http:\/\/morskysvet.cz\/en\/wp-json\/wp\/v2\/types\/product"}],"replies":[{"embeddable":true,"href":"http:\/\/morskysvet.cz\/en\/wp-json\/wp\/v2\/comments?post=5003"}],"wp:featuredmedia":[{"embeddable":true,"href":"http:\/\/morskysvet.cz\/en\/wp-json\/wp\/v2\/media\/5004"}],"wp:attachment":[{"href":"http:\/\/morskysvet.cz\/en\/wp-json\/wp\/v2\/media?parent=5003"}],"wp:term":[{"taxonomy":"product_cat","embeddable":true,"href":"http:\/\/morskysvet.cz\/en\/wp-json\/wp\/v2\/product_cat?post=5003"},{"taxonomy":"product_tag","embeddable":true,"href":"http:\/\/morskysvet.cz\/en\/wp-json\/wp\/v2\/product_tag?post=5003"}],"curies":[{"name":"wp","href":"https:\/\/api.w.org\/{rel}","templated":true}]}}