{"id":4878,"date":"2024-07-22T14:01:12","date_gmt":"2024-07-22T14:01:12","guid":{"rendered":"https:\/\/mosk-svet.local\/?post_type=product&#038;p=4878"},"modified":"2026-02-24T12:30:55","modified_gmt":"2026-02-24T12:30:55","slug":"trnucha-leopoldova","status":"publish","type":"product","link":"https:\/\/morskysvet.cz\/en\/product\/trnucha-leopoldova\/","title":{"rendered":"Trnucha Leopoldova"},"content":{"rendered":"<p>Ob\u00fdv\u00e1 p\u00eds\u010dit\u00e1 dna \u0159ek v Ji\u017en\u00ed Americe. Dosahuje velikosti kolem 50 cm. Na h\u0159betu ocasu m\u00e1 jedov\u00fd trn, kter\u00fdm v sebeobran\u011b dok\u00e1\u017ee dosti citeln\u011b poranit. \u017div\u00ed se drobn\u00fdmi bezobratl\u00fdmi \u017eivo\u010dichy, kter\u00e9 sb\u00edr\u00e1 ze dna. Jedn\u00e1 se o \u017eivorod\u00fd druh rejnoka.<\/p>","protected":false},"excerpt":{"rendered":"<p>Ob\u00fdv\u00e1 p\u00eds\u010dit\u00e1 dna \u0159ek v Ji\u017en\u00ed Americe. Dosahuje velikosti kolem 50 cm. Na h\u0159betu ocasu m\u00e1 jedov\u00fd trn, kter\u00fdm v sebeobran\u011b dok\u00e1\u017ee dosti citeln\u011b poranit. \u017div\u00ed se drobn\u00fdmi bezobratl\u00fdmi \u017eivo\u010dichy, kter\u00e9 sb\u00edr\u00e1 ze dna. Jedn\u00e1 se o \u017eivorod\u00fd druh rejnoka.<\/p>","protected":false},"featured_media":4882,"comment_status":"open","ping_status":"closed","template":"","meta":{"site-sidebar-layout":"default","site-content-layout":"","ast-site-content-layout":"default","site-content-style":"default","site-sidebar-style":"default","ast-global-header-display":"","ast-banner-title-visibility":"","ast-main-header-display":"","ast-hfb-above-header-display":"","ast-hfb-below-header-display":"","ast-hfb-mobile-header-display":"","site-post-title":"","ast-breadcrumbs-content":"","ast-featured-img":"","footer-sml-layout":"","theme-transparent-header-meta":"default","adv-header-id-meta":"","stick-header-meta":"default","header-above-stick-meta":"","header-main-stick-meta":"","header-below-stick-meta":"","astra-migrate-meta-layouts":"set","ast-page-background-enabled":"default","ast-page-background-meta":{"desktop":{"background-color":"","background-image":"","background-repeat":"repeat","background-position":"center center","background-size":"auto","background-attachment":"scroll","background-type":"","background-media":"","overlay-type":"","overlay-color":"","overlay-opacity":"","overlay-gradient":""},"tablet":{"background-color":"","background-image":"","background-repeat":"repeat","background-position":"center center","background-size":"auto","background-attachment":"scroll","background-type":"","background-media":"","overlay-type":"","overlay-color":"","overlay-opacity":"","overlay-gradient":""},"mobile":{"background-color":"","background-image":"","background-repeat":"repeat","background-position":"center center","background-size":"auto","background-attachment":"scroll","background-type":"","background-media":"","overlay-type":"","overlay-color":"","overlay-opacity":"","overlay-gradient":""}},"ast-content-background-meta":{"desktop":{"background-color":"var(--ast-global-color-5)","background-image":"","background-repeat":"repeat","background-position":"center center","background-size":"auto","background-attachment":"scroll","background-type":"","background-media":"","overlay-type":"","overlay-color":"","overlay-opacity":"","overlay-gradient":""},"tablet":{"background-color":"var(--ast-global-color-5)","background-image":"","background-repeat":"repeat","background-position":"center center","background-size":"auto","background-attachment":"scroll","background-type":"","background-media":"","overlay-type":"","overlay-color":"","overlay-opacity":"","overlay-gradient":""},"mobile":{"background-color":"var(--ast-global-color-5)","background-image":"","background-repeat":"repeat","background-position":"center center","background-size":"auto","background-attachment":"scroll","background-type":"","background-media":"","overlay-type":"","overlay-color":"","overlay-opacity":"","overlay-gradient":""}}},"product_cat":[88],"product_tag":[],"class_list":{"0":"post-4878","1":"product","2":"type-product","3":"status-publish","4":"has-post-thumbnail","6":"product_cat-adopce","7":"desktop-align-left","8":"tablet-align-left","9":"mobile-align-left","10":"ast-product-gallery-layout-vertical-slider","11":"ast-product-gallery-with-no-image","12":"ast-product-single-variable","13":"ast-product-tabs-layout-horizontal","14":"ast-qv-on-image","16":"first","17":"instock","18":"taxable","19":"shipping-taxable","20":"purchasable","21":"product-type-variable","22":"has-default-attributes"},"jetpack_sharing_enabled":true,"_links":{"self":[{"href":"https:\/\/morskysvet.cz\/en\/wp-json\/wp\/v2\/product\/4878","targetHints":{"allow":["GET"]}}],"collection":[{"href":"https:\/\/morskysvet.cz\/en\/wp-json\/wp\/v2\/product"}],"about":[{"href":"https:\/\/morskysvet.cz\/en\/wp-json\/wp\/v2\/types\/product"}],"replies":[{"embeddable":true,"href":"https:\/\/morskysvet.cz\/en\/wp-json\/wp\/v2\/comments?post=4878"}],"wp:featuredmedia":[{"embeddable":true,"href":"https:\/\/morskysvet.cz\/en\/wp-json\/wp\/v2\/media\/4882"}],"wp:attachment":[{"href":"https:\/\/morskysvet.cz\/en\/wp-json\/wp\/v2\/media?parent=4878"}],"wp:term":[{"taxonomy":"product_cat","embeddable":true,"href":"https:\/\/morskysvet.cz\/en\/wp-json\/wp\/v2\/product_cat?post=4878"},{"taxonomy":"product_tag","embeddable":true,"href":"https:\/\/morskysvet.cz\/en\/wp-json\/wp\/v2\/product_tag?post=4878"}],"curies":[{"name":"wp","href":"https:\/\/api.w.org\/{rel}","templated":true}]}}