{"id":4926,"date":"2024-07-22T19:32:00","date_gmt":"2024-07-22T19:32:00","guid":{"rendered":"https:\/\/mosk-svet.local\/?post_type=product&#038;p=4926"},"modified":"2026-02-24T11:56:10","modified_gmt":"2026-02-24T11:56:10","slug":"gurama-velka","status":"publish","type":"product","link":"https:\/\/morskysvet.cz\/en\/product\/gurama-velka\/","title":{"rendered":"Gurama Velk\u00e1"},"content":{"rendered":"<p>Vyskytuje se ve sladk\u00fdch vod\u00e1ch Indie, Malajsie, ji\u017en\u00ed \u010c\u00edny a J\u00e1vy. M\u016f\u017ee dos\u00e1hnout velikosti a\u017e 70cm. Jedn\u00e1 se o klidnou, m\u00edrumilovnou rybu. Je v\u0161e\u017erav\u00e1, jeho j\u00eddeln\u00ed\u010dek tvo\u0159\u00ed velmi \u0161irok\u00e9 spektrum potravy. P\u0159ezd\u00edv\u00e1 se mu tak\u00e9 vodn\u00ed pras\u00e1tko. Jedn\u00e1 se o dlouhov\u011bkou rybu, do\u017e\u00edvaj\u00ed se st\u00e1\u0159\u00ed kolem 15 let.<\/p>","protected":false},"excerpt":{"rendered":"<p>Vyskytuje se ve sladk\u00fdch vod\u00e1ch Indie, Malajsie, ji\u017en\u00ed \u010c\u00edny a J\u00e1vy. M\u016f\u017ee dos\u00e1hnout velikosti a\u017e 70cm. Jedn\u00e1 se o klidnou, m\u00edrumilovnou rybu. Je v\u0161e\u017erav\u00e1, jeho j\u00eddeln\u00ed\u010dek tvo\u0159\u00ed velmi \u0161irok\u00e9 spektrum potravy. P\u0159ezd\u00edv\u00e1 se mu tak\u00e9 vodn\u00ed pras\u00e1tko. Jedn\u00e1 se o dlouhov\u011bkou rybu, do\u017e\u00edvaj\u00ed se st\u00e1\u0159\u00ed kolem 15 let.<\/p>","protected":false},"featured_media":7123,"comment_status":"open","ping_status":"closed","template":"","meta":{"site-sidebar-layout":"default","site-content-layout":"","ast-site-content-layout":"default","site-content-style":"default","site-sidebar-style":"default","ast-global-header-display":"","ast-banner-title-visibility":"","ast-main-header-display":"","ast-hfb-above-header-display":"","ast-hfb-below-header-display":"","ast-hfb-mobile-header-display":"","site-post-title":"","ast-breadcrumbs-content":"","ast-featured-img":"","footer-sml-layout":"","theme-transparent-header-meta":"default","adv-header-id-meta":"","stick-header-meta":"default","header-above-stick-meta":"","header-main-stick-meta":"","header-below-stick-meta":"","astra-migrate-meta-layouts":"set","ast-page-background-enabled":"default","ast-page-background-meta":{"desktop":{"background-color":"","background-image":"","background-repeat":"repeat","background-position":"center center","background-size":"auto","background-attachment":"scroll","background-type":"","background-media":"","overlay-type":"","overlay-color":"","overlay-opacity":"","overlay-gradient":""},"tablet":{"background-color":"","background-image":"","background-repeat":"repeat","background-position":"center center","background-size":"auto","background-attachment":"scroll","background-type":"","background-media":"","overlay-type":"","overlay-color":"","overlay-opacity":"","overlay-gradient":""},"mobile":{"background-color":"","background-image":"","background-repeat":"repeat","background-position":"center center","background-size":"auto","background-attachment":"scroll","background-type":"","background-media":"","overlay-type":"","overlay-color":"","overlay-opacity":"","overlay-gradient":""}},"ast-content-background-meta":{"desktop":{"background-color":"var(--ast-global-color-5)","background-image":"","background-repeat":"repeat","background-position":"center center","background-size":"auto","background-attachment":"scroll","background-type":"","background-media":"","overlay-type":"","overlay-color":"","overlay-opacity":"","overlay-gradient":""},"tablet":{"background-color":"var(--ast-global-color-5)","background-image":"","background-repeat":"repeat","background-position":"center center","background-size":"auto","background-attachment":"scroll","background-type":"","background-media":"","overlay-type":"","overlay-color":"","overlay-opacity":"","overlay-gradient":""},"mobile":{"background-color":"var(--ast-global-color-5)","background-image":"","background-repeat":"repeat","background-position":"center center","background-size":"auto","background-attachment":"scroll","background-type":"","background-media":"","overlay-type":"","overlay-color":"","overlay-opacity":"","overlay-gradient":""}}},"product_cat":[88],"product_tag":[],"class_list":{"0":"post-4926","1":"product","2":"type-product","3":"status-publish","4":"has-post-thumbnail","6":"product_cat-adopce","7":"desktop-align-left","8":"tablet-align-left","9":"mobile-align-left","10":"ast-product-gallery-layout-vertical-slider","11":"ast-product-single-variable","12":"ast-product-tabs-layout-horizontal","13":"ast-qv-on-image","15":"first","16":"instock","17":"taxable","18":"shipping-taxable","19":"purchasable","20":"product-type-variable","21":"has-default-attributes"},"jetpack_sharing_enabled":true,"_links":{"self":[{"href":"https:\/\/morskysvet.cz\/en\/wp-json\/wp\/v2\/product\/4926","targetHints":{"allow":["GET"]}}],"collection":[{"href":"https:\/\/morskysvet.cz\/en\/wp-json\/wp\/v2\/product"}],"about":[{"href":"https:\/\/morskysvet.cz\/en\/wp-json\/wp\/v2\/types\/product"}],"replies":[{"embeddable":true,"href":"https:\/\/morskysvet.cz\/en\/wp-json\/wp\/v2\/comments?post=4926"}],"wp:featuredmedia":[{"embeddable":true,"href":"https:\/\/morskysvet.cz\/en\/wp-json\/wp\/v2\/media\/7123"}],"wp:attachment":[{"href":"https:\/\/morskysvet.cz\/en\/wp-json\/wp\/v2\/media?parent=4926"}],"wp:term":[{"taxonomy":"product_cat","embeddable":true,"href":"https:\/\/morskysvet.cz\/en\/wp-json\/wp\/v2\/product_cat?post=4926"},{"taxonomy":"product_tag","embeddable":true,"href":"https:\/\/morskysvet.cz\/en\/wp-json\/wp\/v2\/product_tag?post=4926"}],"curies":[{"name":"wp","href":"https:\/\/api.w.org\/{rel}","templated":true}]}}